{"id":1099,"date":"2024-07-15T14:41:57","date_gmt":"2024-07-15T14:41:57","guid":{"rendered":"https:\/\/yemenicanadian.club\/?page_id=1099"},"modified":"2024-07-15T15:07:42","modified_gmt":"2024-07-15T15:07:42","slug":"wall-of-honors","status":"publish","type":"page","link":"https:\/\/yemenicanadian.club\/fr\/wall-of-honors\/","title":{"rendered":"Mur des honneurs"},"content":{"rendered":"<div data-elementor-type=\"wp-page\" data-elementor-id=\"1099\" class=\"elementor elementor-1099\">\n\t\t\t\t<div class=\"elementor-element elementor-element-79c63cc e-flex e-con-boxed e-con e-parent\" data-id=\"79c63cc\" data-element_type=\"container\" data-e-type=\"container\">\n\t\t\t\t\t<div class=\"e-con-inner\">\n\t\t\t\t<div class=\"elementor-element elementor-element-f893d54 elementor-widget elementor-widget-heading\" data-id=\"f893d54\" data-element_type=\"widget\" data-e-type=\"widget\" data-widget_type=\"heading.default\">\n\t\t\t\t<div class=\"elementor-widget-container\">\n\t\t\t\t\t<h2 class=\"elementor-heading-title elementor-size-default\">Pionniers y\u00e9m\u00e9nites<\/h2>\t\t\t\t<\/div>\n\t\t\t\t<\/div>\n\t\t\t\t<div class=\"elementor-element elementor-element-c6234b1 elementor-widget elementor-widget-text-editor\" data-id=\"c6234b1\" data-element_type=\"widget\" data-e-type=\"widget\" data-widget_type=\"text-editor.default\">\n\t\t\t\t<div class=\"elementor-widget-container\">\n\t\t\t\t\t\t\t\t\t<p>Les Y\u00e9m\u00e9nites sont des pionniers partout o\u00f9 ils vont<\/p><p>Ici, nous vous montrerons certains de nos pionniers<\/p>\t\t\t\t\t\t\t\t<\/div>\n\t\t\t\t<\/div>\n\t\t\t\t\t<\/div>\n\t\t\t\t<\/div>\n\t\t<div class=\"elementor-element elementor-element-42bb97c e-flex e-con-boxed e-con e-parent\" data-id=\"42bb97c\" data-element_type=\"container\" data-e-type=\"container\">\n\t\t\t\t\t<div class=\"e-con-inner\">\n\t\t<div class=\"elementor-element elementor-element-6b9960e e-con-full e-flex e-con e-child\" data-id=\"6b9960e\" data-element_type=\"container\" data-e-type=\"container\">\n\t\t\t\t<div class=\"elementor-element elementor-element-07a47f1 elementor-widget elementor-widget-image\" data-id=\"07a47f1\" data-element_type=\"widget\" data-e-type=\"widget\" data-widget_type=\"image.default\">\n\t\t\t\t<div class=\"elementor-widget-container\">\n\t\t\t\t\t\t\t\t\t\t\t\t\t\t\t<img fetchpriority=\"high\" decoding=\"async\" width=\"768\" height=\"1024\" src=\"https:\/\/yemenicanadian.club\/wp-content\/uploads\/2024\/01\/photo-1542033474370-d28774f3338d-768x1024.jpeg\" class=\"attachment-large size-large wp-image-206\" alt=\"\" srcset=\"https:\/\/yemenicanadian.club\/wp-content\/uploads\/2024\/01\/photo-1542033474370-d28774f3338d-768x1024.jpeg 768w, https:\/\/yemenicanadian.club\/wp-content\/uploads\/2024\/01\/photo-1542033474370-d28774f3338d-225x300.jpeg 225w, https:\/\/yemenicanadian.club\/wp-content\/uploads\/2024\/01\/photo-1542033474370-d28774f3338d-1152x1536.jpeg 1152w, https:\/\/yemenicanadian.club\/wp-content\/uploads\/2024\/01\/photo-1542033474370-d28774f3338d-1536x2048.jpeg 1536w, https:\/\/yemenicanadian.club\/wp-content\/uploads\/2024\/01\/photo-1542033474370-d28774f3338d-600x800.jpeg 600w, https:\/\/yemenicanadian.club\/wp-content\/uploads\/2024\/01\/photo-1542033474370-d28774f3338d.jpeg 1875w\" sizes=\"(max-width: 768px) 100vw, 768px\" \/>\t\t\t\t\t\t\t\t\t\t\t\t\t\t\t<\/div>\n\t\t\t\t<\/div>\n\t\t\t\t<\/div>\n\t\t<div class=\"elementor-element elementor-element-1e878c6 e-con-full e-flex e-con e-child\" data-id=\"1e878c6\" data-element_type=\"container\" data-e-type=\"container\" data-settings=\"{&quot;background_background&quot;:&quot;classic&quot;}\">\n\t\t\t\t<div class=\"elementor-element elementor-element-9206fec elementor-widget elementor-widget-heading\" data-id=\"9206fec\" data-element_type=\"widget\" data-e-type=\"widget\" data-widget_type=\"heading.default\">\n\t\t\t\t<div class=\"elementor-widget-container\">\n\t\t\t\t\t<h2 class=\"elementor-heading-title elementor-size-default\">Pionniers y\u00e9m\u00e9nites au Canada<\/h2>\t\t\t\t<\/div>\n\t\t\t\t<\/div>\n\t\t\t\t<div class=\"elementor-element elementor-element-78c0d9a elementor-widget elementor-widget-text-editor\" data-id=\"78c0d9a\" data-element_type=\"widget\" data-e-type=\"widget\" data-widget_type=\"text-editor.default\">\n\t\t\t\t<div class=\"elementor-widget-container\">\n\t\t\t\t\t\t\t\t\t<p>F\u00e9licitations ch\u00e8re Ayah pour 8 ann\u00e9es d&#039;\u00e9ducation canadienne \u00e0 Scarborough puis East York puis Scarborough puis Calgary puis East York puis Victoria BC puis Brampton puis Mississauga et enfin Milton<\/p><p>Apprenez \u00e0 conna\u00eetre davantage de stars y\u00e9m\u00e9nites au Canada dans le lien ci-dessous.<\/p>\t\t\t\t\t\t\t\t<\/div>\n\t\t\t\t<\/div>\n\t\t\t\t<div class=\"elementor-element elementor-element-867462f elementor-widget elementor-widget-button\" data-id=\"867462f\" data-element_type=\"widget\" data-e-type=\"widget\" data-widget_type=\"button.default\">\n\t\t\t\t<div class=\"elementor-widget-container\">\n\t\t\t\t\t\t\t\t\t<div class=\"elementor-button-wrapper\">\n\t\t\t\t\t<a class=\"elementor-button elementor-button-link elementor-size-sm\" href=\"#\">\n\t\t\t\t\t\t<span class=\"elementor-button-content-wrapper\">\n\t\t\t\t\t\t\t\t\t<span class=\"elementor-button-text\">Voir plus<\/span>\n\t\t\t\t\t<\/span>\n\t\t\t\t\t<\/a>\n\t\t\t\t<\/div>\n\t\t\t\t\t\t\t\t<\/div>\n\t\t\t\t<\/div>\n\t\t\t\t<\/div>\n\t\t\t\t\t<\/div>\n\t\t\t\t<\/div>\n\t\t<div class=\"elementor-element elementor-element-640a9f0 e-flex e-con-boxed e-con e-parent\" data-id=\"640a9f0\" data-element_type=\"container\" data-e-type=\"container\">\n\t\t\t\t\t<div class=\"e-con-inner\">\n\t\t\t\t<div class=\"elementor-element elementor-element-a0b759d elementor-widget elementor-widget-text-editor\" data-id=\"a0b759d\" data-element_type=\"widget\" data-e-type=\"widget\" data-widget_type=\"text-editor.default\">\n\t\t\t\t<div class=\"elementor-widget-container\">\n\t\t\t\t\t\t\t\t\t<p>\u00cates-vous l&#039;un des pionniers y\u00e9m\u00e9nites\u00a0? Envoyez-nous vos coordonn\u00e9es et nous les ajouterons \u00e0 notre tableau des honneurs.<\/p><div class=\"elementor-element elementor-element-6941ba38 sc_fly_static elementor-widget elementor-widget-heading\" data-id=\"6941ba38\" data-element_type=\"widget\" data-widget_type=\"heading.default\"><div class=\"elementor-widget-container\"><h4 class=\"elementor-heading-title elementor-size-default\">Contactez<\/h4><\/div><\/div>\t\t\t\t\t\t\t\t<\/div>\n\t\t\t\t<\/div>\n\t\t\t\t<div class=\"elementor-element elementor-element-9c73ff1 elementor-widget elementor-widget-form\" data-id=\"9c73ff1\" data-element_type=\"widget\" data-e-type=\"widget\" data-widget_type=\"form.default\">\n\t\t\t\t<div class=\"elementor-widget-container\">\n\t\t\t\t\t \t\t\t\t<\/div>\n\t\t\t\t<\/div>\n\t\t\t\t\t<\/div>\n\t\t\t\t<\/div>\n\t\t\t\t<\/div>","protected":false},"excerpt":{"rendered":"<p>Yemeni Pioneers Yemeni\u2019s are pioneers wherever they go Here we will show some of our Pioneers Yemeni Pioneers in Canada Congratulation Dear Ayah for 8 years of Canadian Education In Scarborough then East York then Scarborough then Calgary then East York then Victoria BC than Brampton then Mississauga and Finally Milton Get to know more [&hellip;]<\/p>\n","protected":false},"author":4,"featured_media":0,"parent":0,"menu_order":0,"comment_status":"closed","ping_status":"closed","template":"elementor_header_footer","meta":{"_eb_attr":"","pmpro_default_level":"","_sitemap_exclude":false,"_sitemap_priority":"","_sitemap_frequency":"","_price":"","_stock":"","_tribe_ticket_header":"","_tribe_default_ticket_provider":"","_tribe_ticket_capacity":"0","_ticket_start_date":"","_ticket_end_date":"","_tribe_ticket_show_description":"","_tribe_ticket_show_not_going":false,"_tribe_ticket_use_global_stock":"","_tribe_ticket_global_stock_level":"","_global_stock_mode":"","_global_stock_cap":"","_tribe_rsvp_for_event":"","_tribe_ticket_going_count":"","_tribe_ticket_not_going_count":"","_tribe_tickets_list":"[]","_tribe_ticket_has_attendee_info_fields":false,"footnotes":"","_tec_slr_enabled":"","_tec_slr_layout":"","_links_to":"","_links_to_target":""},"class_list":["post-1099","page","type-page","status-publish","hentry","pmpro-has-access"],"ticketed":false,"_links":{"self":[{"href":"https:\/\/yemenicanadian.club\/fr\/wp-json\/wp\/v2\/pages\/1099","targetHints":{"allow":["GET"]}}],"collection":[{"href":"https:\/\/yemenicanadian.club\/fr\/wp-json\/wp\/v2\/pages"}],"about":[{"href":"https:\/\/yemenicanadian.club\/fr\/wp-json\/wp\/v2\/types\/page"}],"author":[{"embeddable":true,"href":"https:\/\/yemenicanadian.club\/fr\/wp-json\/wp\/v2\/users\/4"}],"replies":[{"embeddable":true,"href":"https:\/\/yemenicanadian.club\/fr\/wp-json\/wp\/v2\/comments?post=1099"}],"version-history":[{"count":19,"href":"https:\/\/yemenicanadian.club\/fr\/wp-json\/wp\/v2\/pages\/1099\/revisions"}],"predecessor-version":[{"id":1120,"href":"https:\/\/yemenicanadian.club\/fr\/wp-json\/wp\/v2\/pages\/1099\/revisions\/1120"}],"wp:attachment":[{"href":"https:\/\/yemenicanadian.club\/fr\/wp-json\/wp\/v2\/media?parent=1099"}],"curies":[{"name":"wp","href":"https:\/\/api.w.org\/{rel}","templated":true}]}}