{"id":26755,"date":"2024-07-31T16:46:45","date_gmt":"2024-07-31T16:46:45","guid":{"rendered":"https:\/\/yemenicanadian.club\/?page_id=26755"},"modified":"2024-08-05T17:01:27","modified_gmt":"2024-08-05T17:01:27","slug":"sitemap","status":"publish","type":"page","link":"https:\/\/yemenicanadian.club\/fr\/sitemap\/","title":{"rendered":"Plan du site"},"content":{"rendered":"<div data-elementor-type=\"wp-page\" data-elementor-id=\"26755\" class=\"elementor elementor-26755\">\n\t\t\t\t<div class=\"elementor-element elementor-element-4474a967 e-flex e-con-boxed e-con e-parent\" data-id=\"4474a967\" data-element_type=\"container\" data-e-type=\"container\">\n\t\t\t\t\t<div class=\"e-con-inner\">\n\t\t\t\t<div class=\"elementor-element elementor-element-165a7512 elementor-widget elementor-widget-text-editor\" data-id=\"165a7512\" data-element_type=\"widget\" data-e-type=\"widget\" data-widget_type=\"text-editor.default\">\n\t\t\t\t<div class=\"elementor-widget-container\">\n\t\t\t\t\t\t\t\t\t\t\t\t\t\t\t\t\t<\/div>\n\t\t\t\t<\/div>\n\t\t\t\t\t<\/div>\n\t\t\t\t<\/div>\n\t\t<div class=\"elementor-element elementor-element-4b6b218 e-flex e-con-boxed e-con e-parent\" data-id=\"4b6b218\" data-element_type=\"container\" data-e-type=\"container\">\n\t\t\t\t\t<div class=\"e-con-inner\">\n\t\t<div class=\"elementor-element elementor-element-f2ec1c1 e-con-full e-flex e-con e-child\" data-id=\"f2ec1c1\" data-element_type=\"container\" data-e-type=\"container\">\n\t\t\t\t<div class=\"elementor-element elementor-element-82ad1e0 elementor-widget elementor-widget-shortcode\" data-id=\"82ad1e0\" data-element_type=\"widget\" data-e-type=\"widget\" data-widget_type=\"shortcode.default\">\n\t\t\t\t<div class=\"elementor-widget-container\">\n\t\t\t\t\t    \n\n    \n    <h2>Posts<\/h2>\n    <h3>Category: Uncategorized<\/h3><ul><li><a href=\"https:\/\/yemenicanadian.club\/fr\/2025\/03\/22\/2sooq-%d9%85%d9%86%d8%b5%d8%a9-%d8%a7%d9%84%d8%a5%d8%b9%d9%84%d8%a7%d9%86%d8%a7%d8%aa-%d8%a7%d9%84%d9%85%d8%a8%d9%88%d8%a8%d8%a9-%d8%a7%d9%84%d8%aa%d9%8a-%d8%aa%d8%b1%d8%a8%d8%b7-%d8%a7%d9%84%d8%ac\/\">2SOOQ\u00a0: \u0645\u0646\u0635\u0629 \u0627\u0644\u0625\u0639\u0644\u0627\u0646\u0627\u062a \u0627\u0644\u0645\u0628\u0648\u0628\u0629 \u0627\u0644\u062a\u064a \u062a\u0631\u0628\u0637 \u0627\u0644\u062c\u0627\u0644\u064a\u0629 \u0627\u0644\u0639\u0631\u0628\u064a\u0629 \u0648\u0627\u0644\u064a\u0645\u0646\u064a\u0629 \u0641\u064a \u0643\u0646\u062f\u0627\u00a0<\/a><\/li><li><a href=\"https:\/\/yemenicanadian.club\/fr\/2024\/08\/12\/yemeni-canadian-club-junior-cup-2024-registration-sponsorship\/\">\u0628\u0637\u0648\u0644\u0629 \u0643\u0623\u0633 \u0627\u0644\u0646\u0627\u062f\u064a \u0627\u0644\u064a\u0645\u0646\u064a \u0627\u0644\u0643\u0646\u062f\u064a \u0644\u0644\u0623\u0634\u0628\u0627\u0644 \u0662\u0660\u0662\u0664: \u062f\u0639\u0648\u0629 \u0644\u0644\u062a\u0633\u062c\u064a\u0644 \u0648\u0627\u0644\u0631\u0639\u0627\u064a\u0629<\/a><\/li><\/ul><h3>Category: \u0623\u0646\u0634\u0637\u0629 \u0627\u0644\u0645\u062c\u062a\u0645\u0639 \u0648\u0627\u0644\u0646\u0627\u062f\u064a<\/h3><ul><li><a href=\"https:\/\/yemenicanadian.club\/fr\/2019\/07\/14\/yemeni-culture-performance-in-mp-iqra-khalid-event-at-erin-mills-bbq-2019\/\">Performance culturelle y\u00e9m\u00e9nite lors de l&#039;\u00e9v\u00e9nement du d\u00e9put\u00e9 Iqra Khalid au barbecue Erin Mills 2019<\/a><\/li><li><a href=\"https:\/\/yemenicanadian.club\/fr\/2018\/09\/08\/yemeni-pavilion-at-the-muslim-fest-aug-31-to-sep-2-2018\/\">Pavillon y\u00e9m\u00e9nite \u00e0 la f\u00eate musulmane du 31 ao\u00fbt au 2 septembre 2018<\/a><\/li><li><a href=\"https:\/\/yemenicanadian.club\/fr\/2018\/08\/27\/yemeni-community-in-torontos-eid-celebration-%d8%ad%d8%b6%d9%88%d8%b1-%d8%a7%d9%84%d9%86%d8%a7%d8%af%d9%8a-%d8%a7%d9%84%d9%8a%d9%85%d9%86%d9%8a-%d8%a7%d9%84%d9%83%d9%86%d8%af%d9%8a-%d9%81\/\">La communaut\u00e9 y\u00e9m\u00e9nite participe \u00e0 la c\u00e9l\u00e9bration de l&#039;A\u00efd \u00e0 Toronto<\/a><\/li><li><a href=\"https:\/\/yemenicanadian.club\/fr\/2018\/06\/28\/yemen-canadian-club-eid-video-%d9%81%d8%af%d9%8a%d9%88-%d8%ad%d9%81%d9%84%d8%a9-%d8%a7%d9%84%d8%b9%d9%8a%d8%af-%d9%84%d9%84%d9%86%d8%a7%d8%af%d9%8a-%d8%a7%d9%84%d9%8a%d9%85%d9%86%d9%8a-%d8%a7%d9%84\/\">Vid\u00e9o de l&#039;A\u00efd du Club canadien du Y\u00e9men \u0641\u062f\u064a\u0648 \u062d\u0641\u0644\u0629 \u0627\u0644\u0639\u064a\u062f \u0644\u0644\u0646\u0627\u062f\u064a \u0627\u0644\u064a\u0645\u0646\u064a \u0627\u0644\u0643\u0646\u062f\u064a<\/a><\/li><li><a href=\"https:\/\/yemenicanadian.club\/fr\/2018\/06\/17\/ramadan-2018-greetings-%d8%aa%d9%87%d9%86%d8%a6%d8%a9-%d8%a8%d9%85%d9%86%d8%a7%d8%b3%d8%a8%d8%a9-%d8%ad%d9%84%d9%88%d9%84-%d8%b4%d9%87%d8%b1-%d8%b1%d9%85%d8%b6%d8%a7%d9%86-%d8%a7%d9%84%d9%85%d8%a8\/\">Ramadan 2018 Salutations \u062a\u0647\u0646\u0626\u0629 \u0628\u0645\u0646\u0627\u0633\u0628\u0629 \u062d\u0644\u0648\u0644 \u0634\u0647\u0631 \u0631\u0645\u0636\u0627\u0646 \u0627\u0644\u0645\u0628\u0627\u0631\u0643 1439<\/a><\/li><li><a href=\"https:\/\/yemenicanadian.club\/fr\/2017\/11\/28\/%d9%84%d9%82%d8%a7%d8%a1-%d8%b3%d8%b9%d8%a7%d8%af%d8%a9-%d8%a7%d9%84%d8%b3%d9%81%d9%8a%d8%b1-%d8%a7%d9%84%d9%8a%d9%85%d9%86%d9%8a-%d9%85%d8%b9-%d9%8a%d9%85%d9%86%d9%8a%d9%8a%d9%86-%d9%85%d9%88%d9%86\/\">\u0644\u0642\u0627\u0621 \u0633\u0639\u0627\u062f\u0629 \u0627\u0644\u0633\u0641\u064a\u0631 \u0627\u0644\u064a\u0645\u0646\u064a \u0645\u0639 \u064a\u0645\u0646\u064a\u064a\u0646 \u0645\u0648\u0646\u062a\u0631\u064a\u0627\u0644<\/a><\/li><li><a href=\"https:\/\/yemenicanadian.club\/fr\/2017\/11\/22\/%d8%a7%d9%86%d8%b8%d9%85%d8%a7%d9%85-%d9%85%d8%af%d9%8a%d9%86%d8%a9-%d8%a7%d8%af%d9%85%d9%86%d8%aa%d9%88%d9%86-%d8%a7%d9%84%d9%89-%d8%a7%d9%84%d9%86%d8%a7%d8%af%d9%8a-%d8%a7%d9%84%d9%8a%d9%85%d9%86\/\">\u0627\u0646\u0638\u0645\u0627\u0645 \u0645\u062f\u064a\u0646\u0629 \u0627\u062f\u0645\u0646\u062a\u0648\u0646 \u0627\u0644\u0649 \u0627\u0644\u0646\u0627\u062f\u064a \u0627\u0644\u064a\u0645\u0646\u064a \u0627\u0644\u0643\u0646\u062f\u064a<\/a><\/li><li><a href=\"https:\/\/yemenicanadian.club\/fr\/2017\/11\/20\/%d8%a3%d9%86%d8%b4%d8%b7%d8%a9-%d8%a7%d9%84%d9%86%d8%a7%d8%af%d9%8a-%d8%a7%d9%84%d9%8a%d9%85%d9%86%d9%8a-%d9%87%d8%a7%d9%85%d9%8a%d9%84%d8%aa%d9%88%d9%86-%d9%84%d9%8a%d9%88%d9%85%d9%86%d8%a7-%d9%84\/\">\u0623\u0646\u0634\u0637\u0629 \u0627\u0644\u0646\u0627\u062f\u064a \u0627\u0644\u064a\u0645\u0646\u064a \u0647\u0627\u0645\u064a\u0644\u062a\u0648\u0646 \u0644\u064a\u0648\u0645\u0646\u0627 \u0644\u0647\u0630\u0627 \u0627\u0644\u0627\u062d\u062f 19 novembre<\/a><\/li><li><a href=\"https:\/\/yemenicanadian.club\/fr\/2017\/09\/18\/yemeni-canadian-club-linkedin-group\/\">Groupe LinkedIn du Club canadien y\u00e9m\u00e9nite<\/a><\/li><li><a href=\"https:\/\/yemenicanadian.club\/fr\/2017\/08\/19\/yemeni-canadian-club-registered-as-a-non-for-profit-organization-%d8%aa%d9%85-%d8%aa%d8%b3%d8%ac%d9%8a%d9%84-%d8%a7%d9%84%d9%86%d8%a7%d8%af%d9%8a-%d8%b1%d8%b3%d9%85%d9%8a\/\">Club canadien y\u00e9m\u00e9nite enregistr\u00e9 comme organisation \u00e0 but non lucratif \u062a\u0645 \u062a\u0633\u062c\u064a\u0644 \u0627\u0644\u0646\u0627\u062f\u064a \u0631\u0633\u0645\u064a<\/a><\/li><li><a href=\"https:\/\/yemenicanadian.club\/fr\/2017\/01\/10\/%d9%86%d8%b5%d9%8a%d8%ad%d8%a9-%d8%a7%d9%84%d8%a7%d8%ae-%d9%8a%d8%ad%d9%8a%d9%8a-%d8%a7%d9%84%d8%ac%d9%85%d8%a7%d8%b9%d9%8a-%d9%84%d9%84%d9%82%d8%a7%d8%af%d9%85%d9%8a%d9%86-%d8%a7%d9%84%d8%ac%d8%af\/\">\u0646\u0635\u064a\u062d\u0629 \u0627\u0644\u0627\u062e \u064a\u062d\u064a\u064a \u0627\u0644\u062c\u0645\u0627\u0639\u064a \u0644\u0644\u0642\u0627\u062f\u0645\u064a\u0646 \u0627\u0644\u062c\u062f\u062f \u0627\u0644\u0649 \u0643\u0646\u062f\u0627<\/a><\/li><li><a href=\"https:\/\/yemenicanadian.club\/fr\/2017\/01\/10\/one-day-out-playing-football-soccer-%d9%8a%d9%88%d9%85-%d9%85%d9%86-%d8%a7%d9%84%d8%a7%d9%8a%d8%a7%d9%85-%d9%85%d8%b9%d8%a7-%d8%a7%d9%84%d9%83%d9%88%d8%b1%d9%87-%d9%85%d8%b9%d8%a7-%d8%ac%d8%a7%d9%84\/\">One Day Out Playing Football (soccer) \u064a\u0648\u0645 \u0645\u0646 \u0627\u0644\u0627\u064a\u0627\u0645 \u0645\u0639\u0627 \u0627\u0644\u0643\u0648\u0631\u0647 \u0645\u0639\u0627 \u062c\u0627\u0644\u064a\u062a\u0646\u0627 \u0641\u064a \u062a\u0648\u0631\u0648\u0646\u062a\u0648<\/a><\/li><\/ul><h3>Category: \u0627\u0644\u0623\u062e\u0628\u0627\u0631 \u0648\u0627\u0644\u062a\u062d\u062f\u064a\u062b\u0627\u062a<\/h3><ul><li><a href=\"https:\/\/yemenicanadian.club\/fr\/2024\/04\/07\/yemen-crisis-group-of-five-g5-un-refugee-status-exemption\/\">Crise au Y\u00e9men \u2013 Exemption du statut de r\u00e9fugi\u00e9 du Groupe des Cinq (\u00ab G5 \u00bb)<\/a><\/li><li><a href=\"https:\/\/yemenicanadian.club\/fr\/2024\/04\/07\/job-referral-%d8%aa%d8%b2%d9%83%d9%8a%d8%a9-%d8%a7%d9%84%d9%88%d8%b8%d8%a7%d8%a6%d9%81\/\">R\u00e9f\u00e9rence \u00e0 un emploi \u062a\u0632\u0643\u064a\u0629 \u0627\u0644\u0648\u0638\u0627\u0626\u0641<\/a><\/li><li><a href=\"https:\/\/petitions.ourcommons.ca\/en\/Petition\/Details?Petition=e-3899\">P\u00e9tition e-3899<\/a><\/li><li><a href=\"https:\/\/www.cbc.ca\/news\/canada\/manitoba\/opinion-yemeni-refugees-ukraine-war-1.6401240\">Tout le monde compte\u00a0\u00bb\u00a0: le Canada doit aider les r\u00e9fugi\u00e9s y\u00e9m\u00e9nites qui fuient la guerre, d\u00e9clare un Manitobain<\/a><\/li><li><a href=\"https:\/\/www.youtube.com\/watch?v=U5oC9g7iUdA&#038;ab_channel=YemeniCanadianClub\">Forum culturel des Arabes<\/a><\/li><li><a href=\"https:\/\/youtu.be\/24GkpxVgKYw\">Global News Canada \u2013 Entretien t\u00e9l\u00e9 avec Adil Al-Serri<\/a><\/li><li><a href=\"https:\/\/yemenicanadian.club\/fr\/2020\/07\/31\/eid-al-adha-2020-celebration\/\">C\u00e9l\u00e9bration de l&#039;A\u00efd Al Adha 2020<\/a><\/li><li><a href=\"https:\/\/yemenicanadian.club\/fr\/2018\/08\/23\/eid-trip-to-toronto-island-%d8%b1%d8%ad%d9%84%d8%a9-%d8%b9%d9%8a%d8%af-%d8%a7%d9%84%d8%a7%d8%b6%d8%ad%d9%8a-%d8%a7%d9%84%d9%85%d8%a8%d8%a7%d8%b1%d9%83-%d8%a7%d9%84%d9%89-%d8%ac%d8%b2%d9%8a%d8%b1%d8%a9\/\">Voyage de l&#039;A\u00efd sur l&#039;\u00eele de Toronto<\/a><\/li><li><a href=\"https:\/\/yemenicanadian.club\/fr\/2018\/08\/22\/first-day-of-eid-al-adha-2018-%d8%a7%d9%88%d9%84-%d8%a7%d9%8a%d8%a7%d9%85-%d8%b9%d9%8a%d8%af-%d8%a7%d9%84%d8%a7%d8%b6%d8%ad%d9%89\/\">Premier jour de l&#039;A\u00efd al-Adha 2018 \u0627\u0648\u0644 \u0627\u064a\u0627\u0645 \u0639\u064a\u062f \u0627\u0644\u0627\u0636\u062d\u0649<\/a><\/li><li><a href=\"https:\/\/yemenicanadian.club\/fr\/2017\/01\/10\/family-trip-to-niagara-falls-water-park-%d8%b1%d8%ad%d9%84%d9%87-%d8%b9%d8%a7%d8%a6%d9%84%d9%8a%d8%a9-%d8%a7%d9%84%d9%89-%d8%a7%d9%84%d8%ad%d8%af%d9%8a%d9%82%d9%87-%d8%a7%d9%84%d9%85%d8%a7%d8%a6%d9%8a\/\">Voyage en famille au parc aquatique des chutes du Niagara Voyage en famille au parc aquatique des chutes du Niagara Voyage en famille au parc aquatique des chutes du Niagara \u0644\u0632<\/a><\/li><li><a href=\"https:\/\/yemenicanadian.club\/fr\/2017\/01\/10\/ahmed-hussen-will-be-canadas-new-minister-of-immigration-refugees-and-citizenship-%d8%a3%d8%ad%d9%85%d8%af-%d8%ad%d8%b3%d9%86-%d8%aa%d9%85-%d8%aa%d8%b9%d9%8a%d9%8a%d9%86%d9%87-%d9%83%d9%88%d8%b2\/\">Ahmed Hussen sera le nouveau ministre canadien de l&#039;Immigration, des R\u00e9fugi\u00e9s et de la Citoyennet\u00e9.<\/a><\/li><li><a href=\"https:\/\/yemenicanadian.club\/fr\/2016\/12\/14\/changes-to-2017-parent-and-grandparent-program-application-intake-process\/\">Modifications apport\u00e9es au processus de r\u00e9ception des demandes du Programme des parents et des grands-parents pour 2017<\/a><\/li><li><a href=\"https:\/\/yemenicanadian.club\/fr\/2016\/11\/08\/barbecue-before-snow-yemen-arab-canadian-club-%d9%85%d8%b4%d8%a7%d9%88%d9%8a-%d9%82%d8%a8%d9%84-%d8%a7%d9%84%d8%ab%d9%84%d8%ac\/\">Barbecue avant la neige Y\u00e9men et Arab Canadian Club \u0645\u0634\u0627\u0648\u064a \u0642\u0628\u0644 \u0627\u0644\u062b\u0644\u062c<\/a><\/li><\/ul><h3>Category: \u0627\u0644\u062a\u062d\u062f\u064a\u0627\u062a \u0648\u0627\u0644\u0645\u0633\u0627\u0628\u0642\u0627\u062a<\/h3><ul><li><a href=\"https:\/\/yemenicanadian.club\/fr\/2020\/08\/01\/weight-losing-challenge\/\">D\u00e9fi de perte de poids<\/a><\/li><li><a href=\"https:\/\/yemenicanadian.club\/fr\/2017\/01\/07\/%d9%85%d8%b3%d8%a7%d8%a8%d9%82%d8%a9-%d8%a7%d9%84%d8%aa%d8%ad%d8%af%d9%8a-%d8%a7%d9%84%d8%a7%d9%83%d8%a8%d8%b1\/\">\u0645\u0633\u0627\u0628\u0642\u0629 \u0627\u0644\u062a\u062d\u062f\u064a \u0627\u0644\u0627\u0643\u0628\u0631<\/a><\/li><\/ul><h3>Category: \u0627\u0644\u062b\u0642\u0627\u0641\u0629<\/h3><ul><li><a href=\"https:\/\/yemenicanadian.club\/fr\/2018\/03\/07\/the-absolutely-fabulous-women-afw-award-for-our-board-member-%d8%ad%d9%81%d9%84%d8%a9-%d8%aa%d9%83%d8%b1%d9%8a%d9%85-%d9%84%d8%b9%d8%b6%d9%88%d8%a9-%d9%85%d8%ac%d9%84%d8%b3-%d8%a7%d8%af%d8%a7%d8%b1\/\">Le prix Absolutely Fabulous Women (AFW) pour notre membre du conseil d&#039;administration<\/a><\/li><li><a href=\"https:\/\/yemenicanadian.club\/fr\/2018\/02\/19\/zaei-arabic-%d8%a7%d9%84%d8%b2%d9%8a-%d8%a7%d9%84%d8%b9%d8%b1%d8%a8%d9%8a\/\">Zaei arabe \u0627\u0644\u0632\u064a \u0627\u0644\u0639\u0631\u0628\u064a<\/a><\/li><\/ul><h3>Category: \u0627\u0644\u0641\u0639\u0627\u0644\u064a\u0627\u062a \u0648\u0627\u0644\u062a\u062c\u0645\u0639\u0627\u062a<\/h3><ul><li><a href=\"https:\/\/yemenicanadian.club\/fr\/2019\/09\/02\/%d8%ad%d9%81%d9%84%d8%a9-%d8%b9%d9%8a%d8%af-%d8%a7%d9%84%d8%a7%d8%b6%d8%ad%d9%8a-2017\/\">\u062d\u0641\u0644\u0629 \u0639\u064a\u062f \u0627\u0644\u0627\u0636\u062d\u064a 2017<\/a><\/li><li><a href=\"https:\/\/yemenicanadian.club\/fr\/2018\/09\/15\/video-and-pictures-of-another-summers-barbecue-sep-15-2018\/\">Vid\u00e9o et photos du barbecue d&#039;Another Summer 15 septembre 2018<\/a><\/li><li><a href=\"https:\/\/yemenicanadian.club\/fr\/2018\/05\/13\/welcome-ramadan-gathering-%d9%84%d9%82%d8%a7%d8%a1-%d8%a7%d9%84%d8%b9%d8%a7%d8%a6%d9%84%d8%a7%d8%aa-%d8%a7%d9%84%d9%8a%d9%85%d9%86%d9%8a%d8%a9-%d8%a7%d8%ad%d8%aa%d9%81%d8%a7%d9%84%d8%a7%d9%8b-%d8%a8\/\">Bienvenue au rassemblement du Ramadan<\/a><\/li><li><a href=\"https:\/\/yemenicanadian.club\/fr\/2018\/02\/21\/weekly-winters-family-and-youth-activities-feb-16-2018-%d9%84%d9%82%d8%a7%d8%a1-%d9%86%d8%b4%d8%a7%d8%b7%d8%a7%d8%aa-%d8%a7%d9%84%d8%b4%d8%aa%d8%a7%d8%a1-%d9%83%d9%84-%d8%ac%d9%85%d8%b9\/\">Activit\u00e9s hebdomadaires hivernales pour les familles et les jeunes 16 f\u00e9vrier 2018<\/a><\/li><li><a href=\"https:\/\/yemenicanadian.club\/fr\/2018\/02\/08\/yemeni-canadian-club-board-member-winning-the-absolutely-fabulous-women-afw-award\/\">Un membre du conseil d&#039;administration du Club y\u00e9m\u00e9nite canadien remporte le prix Absolutely Fabulous Women (AFW)<\/a><\/li><li><a href=\"https:\/\/yemenicanadian.club\/fr\/2018\/02\/03\/winters-family-and-youth-activities-started-today-feb-2-2018\/\">Les activit\u00e9s hivernales pour les familles et les jeunes ont commenc\u00e9 aujourd&#039;hui le 2 f\u00e9vrier 2018<\/a><\/li><li><a href=\"https:\/\/yemenicanadian.club\/fr\/2018\/01\/06\/todays-winter-break-potluck-video-and-pictures-%d8%b5%d9%88%d8%b1-%d8%ac%d9%84%d8%b3%d8%a9-%d8%a7%d9%84%d8%b4%d8%aa%d8%a7%d8%a1\/\">Vid\u00e9o et photos du repas-partage des vacances d&#039;hiver d&#039;aujourd&#039;hui \u0635\u0648\u0631 \u062c\u0644\u0633\u0629 \u0627\u0644\u0634\u062a\u0627\u0621<\/a><\/li><li><a href=\"https:\/\/yemenicanadian.club\/fr\/2018\/01\/02\/new-years-eve-with-yemeni-canadian-club-friends\/\">R\u00e9veillon du Nouvel An avec les amis du Club canadien y\u00e9m\u00e9nite<\/a><\/li><li><a href=\"https:\/\/yemenicanadian.club\/fr\/2017\/01\/13\/sandros-new-house-celebration-%d8%ad%d9%81%d9%84%d8%a9-%d9%88%d9%83%d9%8a%d8%b1%d8%a9-%d8%a7%d9%84%d8%a8%d9%8a%d8%aa-%d8%a7%d9%84%d8%ac%d8%af%d9%8a%d8%af-%d8%ad%d9%82-%d8%b5%d8%a7%d8%af%d9%82-%d9%81\/\">C\u00e9l\u00e9bration de la nouvelle maison de Sandro<\/a><\/li><li><a href=\"https:\/\/yemenicanadian.club\/fr\/2016\/12\/30\/meeting-friends-thorncliffe-park-drive-dec-21-2016-%d9%84%d9%82%d8%a7%d8%a1-%d9%85%d8%b9%d8%a7-%d8%a7%d9%84%d8%b4%d8%a8%d8%a7%d8%a8-%d9%81%d9%8a-%d8%aa%d9%88%d8%b1%d9%88%d9%86%d8%aa%d9%88\/\">Rencontrer des amis Thorncliffe Park Drive Dec 21, 2016 \u0644\u0642\u0627\u0621 \u0645\u0639\u0627 \u0627\u0644\u0634\u0628\u0627\u0628 \u0641\u064a \u062a\u0648\u0631\u0648\u0646\u062a\u0648<\/a><\/li><li><a href=\"https:\/\/yemenicanadian.club\/fr\/2016\/12\/27\/%d8%ac%d9%84%d8%b3%d9%87-%d8%b7%d9%8a%d8%a8%d9%87-%d9%85%d8%b9%d8%a7-%d8%b4%d8%a8%d8%a7%d8%a8-%d8%b7%d9%8a%d8%a8-%d9%81%d9%8a-%d9%85%d8%b7%d8%b9%d9%85-%d9%8a%d9%85%d9%86%d9%8a-%d9%83%d8%a8%d8%b3\/\">\u062c\u0644\u0633\u0647 \u0637\u064a\u0628\u0647 \u0645\u0639\u0627 \u0634\u0628\u0627\u0628 \u0637\u064a\u0628 \u0641\u064a \u0645\u0637\u0639\u0645 \u064a\u0645\u0646\u064a \u00ab \u0643\u0628\u0633\u0647 \u0645\u0646\u062f\u064a \u00bb \u062a\u0648\u0631\u0648\u0646\u062a\u0648 \u0643\u0646\u062f\u0627<\/a><\/li><\/ul>\t\t<div class=\"elementor-shortcode\"><\/div>\n\t\t\t\t\t\t<\/div>\n\t\t\t\t<\/div>\n\t\t\t\t<\/div>\n\t\t<div class=\"elementor-element elementor-element-17c9f72 e-con-full e-flex e-con e-child\" data-id=\"17c9f72\" data-element_type=\"container\" data-e-type=\"container\">\n\t\t\t\t<div class=\"elementor-element elementor-element-11e2602 elementor-widget elementor-widget-shortcode\" data-id=\"11e2602\" data-element_type=\"widget\" data-e-type=\"widget\" data-widget_type=\"shortcode.default\">\n\t\t\t\t<div class=\"elementor-widget-container\">\n\t\t\t\t\t\n\n    \n    <h2>\u00c9v\u00e9nements<\/h2>\n    <h3>Category: <\/h3><ul><\/ul><h3>Category: <\/h3><ul><\/ul>\t\t<div class=\"elementor-shortcode\"><\/div>\n\t\t\t\t\t\t<\/div>\n\t\t\t\t<\/div>\n\t\t\t\t<\/div>\n\t\t\t\t\t<\/div>\n\t\t\t\t<\/div>\n\t\t\t\t<\/div>","protected":false},"excerpt":{"rendered":"","protected":false},"author":4,"featured_media":0,"parent":0,"menu_order":0,"comment_status":"closed","ping_status":"closed","template":"elementor_header_footer","meta":{"_eb_attr":"","pmpro_default_level":"","_sitemap_exclude":false,"_sitemap_priority":"","_sitemap_frequency":"","_price":"","_stock":"","_tribe_ticket_header":"","_tribe_default_ticket_provider":"","_tribe_ticket_capacity":"0","_ticket_start_date":"","_ticket_end_date":"","_tribe_ticket_show_description":"","_tribe_ticket_show_not_going":false,"_tribe_ticket_use_global_stock":"","_tribe_ticket_global_stock_level":"","_global_stock_mode":"","_global_stock_cap":"","_tribe_rsvp_for_event":"","_tribe_ticket_going_count":"","_tribe_ticket_not_going_count":"","_tribe_tickets_list":"[]","_tribe_ticket_has_attendee_info_fields":false,"footnotes":"","_tec_slr_enabled":"","_tec_slr_layout":"","_links_to":"","_links_to_target":""},"class_list":["post-26755","page","type-page","status-publish","hentry","pmpro-has-access"],"ticketed":false,"_links":{"self":[{"href":"https:\/\/yemenicanadian.club\/fr\/wp-json\/wp\/v2\/pages\/26755","targetHints":{"allow":["GET"]}}],"collection":[{"href":"https:\/\/yemenicanadian.club\/fr\/wp-json\/wp\/v2\/pages"}],"about":[{"href":"https:\/\/yemenicanadian.club\/fr\/wp-json\/wp\/v2\/types\/page"}],"author":[{"embeddable":true,"href":"https:\/\/yemenicanadian.club\/fr\/wp-json\/wp\/v2\/users\/4"}],"replies":[{"embeddable":true,"href":"https:\/\/yemenicanadian.club\/fr\/wp-json\/wp\/v2\/comments?post=26755"}],"version-history":[{"count":21,"href":"https:\/\/yemenicanadian.club\/fr\/wp-json\/wp\/v2\/pages\/26755\/revisions"}],"predecessor-version":[{"id":26974,"href":"https:\/\/yemenicanadian.club\/fr\/wp-json\/wp\/v2\/pages\/26755\/revisions\/26974"}],"wp:attachment":[{"href":"https:\/\/yemenicanadian.club\/fr\/wp-json\/wp\/v2\/media?parent=26755"}],"curies":[{"name":"wp","href":"https:\/\/api.w.org\/{rel}","templated":true}]}}